{"id":5142,"date":"2025-07-08T16:01:45","date_gmt":"2025-07-08T14:01:45","guid":{"rendered":"https:\/\/www.spirit-of-lemans.com\/?post_type=product&#038;p=5142"},"modified":"2025-12-30T13:06:52","modified_gmt":"2025-12-30T12:06:52","slug":"spirit-of-le-mans-26-english","status":"publish","type":"product","link":"https:\/\/www.spirit-of-lemans.com\/en\/product\/spirit-of-le-mans-26-english\/","title":{"rendered":"Spirit of Le Mans #26-ENGLISH"},"content":{"rendered":"","protected":false},"excerpt":{"rendered":"<p>SUMMARY<\/p>\n<ul>\n<li>Premi\u00e8reMans \u00c9ric H\u00e9lary, winner of Le Mans 1993 in a Peugeot 905<\/li>\n<li>Third consecutive triumph for Ferrari Kubica, heart of a champion<\/li>\n<li>Le Mans by numbers<br \/>\nHOURS OF LE MANS 2025<\/li>\n<li>The week before<\/li>\n<li>The full race<\/li>\n<li>Final classification<\/li>\n<li>Michelin Le Mans Cup Road to Le Mans: record entry<\/li>\n<li>Mustang Dark Horse R Challenge First appearance in Europe<\/li>\n<li>WEC 6 Hours of Spa-Francorchamps: Ferrari three-peat before Le Mans<\/li>\n<li>ELMS 4 Hours of Le Castellet: IDEC Sport wins at home<\/li>\n<li>IMSA Laguna Seca: A fourth victory for Porsche<\/li>\n<li>IMSA Detroit: Acura breaks Porsche&#8217;s winning streak<\/li>\n<li>Porsche Sprint Challenge Blugeon and the others<\/li>\n<li>Calendar 2025 All events still to be contested<\/li>\n<\/ul>\n<p>&nbsp;<\/p>\n<p>&nbsp;<\/p>\n","protected":false},"featured_media":5143,"template":"","meta":[],"product_brand":[],"product_cat":[38,44],"product_tag":[],"class_list":{"0":"post-5142","1":"product","2":"type-product","3":"status-publish","4":"has-post-thumbnail","6":"product_cat-back-issues","7":"product_cat-numero-gb-en","9":"first","10":"instock","11":"sold-individually","12":"shipping-taxable","13":"purchasable","14":"product-type-simple"},"_links":{"self":[{"href":"https:\/\/www.spirit-of-lemans.com\/en\/wp-json\/wp\/v2\/product\/5142","targetHints":{"allow":["GET"]}}],"collection":[{"href":"https:\/\/www.spirit-of-lemans.com\/en\/wp-json\/wp\/v2\/product"}],"about":[{"href":"https:\/\/www.spirit-of-lemans.com\/en\/wp-json\/wp\/v2\/types\/product"}],"wp:featuredmedia":[{"embeddable":true,"href":"https:\/\/www.spirit-of-lemans.com\/en\/wp-json\/wp\/v2\/media\/5143"}],"wp:attachment":[{"href":"https:\/\/www.spirit-of-lemans.com\/en\/wp-json\/wp\/v2\/media?parent=5142"}],"wp:term":[{"taxonomy":"product_brand","embeddable":true,"href":"https:\/\/www.spirit-of-lemans.com\/en\/wp-json\/wp\/v2\/product_brand?post=5142"},{"taxonomy":"product_cat","embeddable":true,"href":"https:\/\/www.spirit-of-lemans.com\/en\/wp-json\/wp\/v2\/product_cat?post=5142"},{"taxonomy":"product_tag","embeddable":true,"href":"https:\/\/www.spirit-of-lemans.com\/en\/wp-json\/wp\/v2\/product_tag?post=5142"}],"curies":[{"name":"wp","href":"https:\/\/api.w.org\/{rel}","templated":true}]}}